{"id":1996,"date":"2023-05-31T19:50:12","date_gmt":"2023-05-31T17:50:12","guid":{"rendered":"https:\/\/sk.cryptowolve.net\/?page_id=1996"},"modified":"2024-09-23T00:47:26","modified_gmt":"2024-09-22T22:47:26","slug":"about-us","status":"publish","type":"page","link":"https:\/\/www.chalupkovo.sk\/en\/about-us\/","title":{"rendered":"About us"},"content":{"rendered":"\t\t<div data-elementor-type=\"wp-page\" data-elementor-id=\"1996\" class=\"elementor elementor-1996\" data-elementor-post-type=\"page\">\n\t\t\t\t\t\t<section class=\"elementor-section elementor-top-section elementor-element elementor-element-b824c34 elementor-section-content-middle elementor-section-height-min-height elementor-section-stretched elementor-section-boxed elementor-section-height-default elementor-section-items-middle\" data-id=\"b824c34\" data-element_type=\"section\" data-e-type=\"section\" data-settings=\"{&quot;background_background&quot;:&quot;classic&quot;,&quot;stretch_section&quot;:&quot;section-stretched&quot;}\">\n\t\t\t\t\t\t\t<div class=\"elementor-background-overlay\"><\/div>\n\t\t\t\t\t\t\t<div class=\"elementor-container elementor-column-gap-no\">\n\t\t\t\t\t<div class=\"elementor-column elementor-col-100 elementor-top-column elementor-element elementor-element-6ceacab\" data-id=\"6ceacab\" data-element_type=\"column\" data-e-type=\"column\">\n\t\t\t<div class=\"elementor-widget-wrap elementor-element-populated\">\n\t\t\t\t\t\t\t<\/div>\n\t\t<\/div>\n\t\t\t\t\t<\/div>\n\t\t<\/section>\n\t\t\t\t<section class=\"elementor-section elementor-top-section elementor-element elementor-element-b8eb4e1 elementor-section-stretched elementor-section-boxed elementor-section-height-default elementor-section-height-default\" data-id=\"b8eb4e1\" data-element_type=\"section\" data-e-type=\"section\" data-settings=\"{&quot;background_background&quot;:&quot;classic&quot;,&quot;stretch_section&quot;:&quot;section-stretched&quot;}\">\n\t\t\t\t\t\t<div class=\"elementor-container elementor-column-gap-no\">\n\t\t\t\t\t<div class=\"elementor-column elementor-col-100 elementor-top-column elementor-element elementor-element-10fff8e\" data-id=\"10fff8e\" data-element_type=\"column\" data-e-type=\"column\">\n\t\t\t<div class=\"elementor-widget-wrap elementor-element-populated\">\n\t\t\t\t\t\t<div class=\"elementor-element elementor-element-edc5168 elementor-shape-rounded elementor-grid-0 e-grid-align-center elementor-widget elementor-widget-social-icons\" data-id=\"edc5168\" data-element_type=\"widget\" data-e-type=\"widget\" data-widget_type=\"social-icons.default\">\n\t\t\t\t<div class=\"elementor-widget-container\">\n\t\t\t\t\t\t\t<div class=\"elementor-social-icons-wrapper elementor-grid\" role=\"list\">\n\t\t\t\t\t\t\t<span class=\"elementor-grid-item\" role=\"listitem\">\n\t\t\t\t\t<a class=\"elementor-icon elementor-social-icon elementor-social-icon-facebook elementor-repeater-item-6925fef\" href=\"https:\/\/www.facebook.com\/chalupkovo\/\" target=\"_blank\" rel=\"noopener\">\n\t\t\t\t\t\t<span class=\"elementor-screen-only\">Facebook<\/span>\n\t\t\t\t\t\t<i aria-hidden=\"true\" class=\"fab fa-facebook\"><\/i>\t\t\t\t\t<\/a>\n\t\t\t\t<\/span>\n\t\t\t\t\t\t\t<span class=\"elementor-grid-item\" role=\"listitem\">\n\t\t\t\t\t<a class=\"elementor-icon elementor-social-icon elementor-social-icon-instagram elementor-repeater-item-e36d848\" href=\"https:\/\/www.instagram.com\/chalupkovo\/\" target=\"_blank\" rel=\"noopener\">\n\t\t\t\t\t\t<span class=\"elementor-screen-only\">Instagram<\/span>\n\t\t\t\t\t\t<i aria-hidden=\"true\" class=\"fab fa-instagram\"><\/i>\t\t\t\t\t<\/a>\n\t\t\t\t<\/span>\n\t\t\t\t\t\t\t<span class=\"elementor-grid-item\" role=\"listitem\">\n\t\t\t\t\t<a class=\"elementor-icon elementor-social-icon elementor-social-icon-twitter elementor-repeater-item-02ec884\" href=\"https:\/\/twitter.com\/chalupkovo\/\" target=\"_blank\" rel=\"noopener\">\n\t\t\t\t\t\t<span class=\"elementor-screen-only\">Twitter<\/span>\n\t\t\t\t\t\t<i aria-hidden=\"true\" class=\"fab fa-twitter\"><\/i>\t\t\t\t\t<\/a>\n\t\t\t\t<\/span>\n\t\t\t\t\t\t\t<span class=\"elementor-grid-item\" role=\"listitem\">\n\t\t\t\t\t<a class=\"elementor-icon elementor-social-icon elementor-social-icon-youtube elementor-repeater-item-314b1a8\" href=\"https:\/\/www.youtube.com\/@user-zg7vo5lo1l\" target=\"_blank\" rel=\"noopener\">\n\t\t\t\t\t\t<span class=\"elementor-screen-only\">Youtube<\/span>\n\t\t\t\t\t\t<i aria-hidden=\"true\" class=\"fab fa-youtube\"><\/i>\t\t\t\t\t<\/a>\n\t\t\t\t<\/span>\n\t\t\t\t\t\t\t<span class=\"elementor-grid-item\" role=\"listitem\">\n\t\t\t\t\t<a class=\"elementor-icon elementor-social-icon elementor-social-icon-ti-google elementor-repeater-item-808829d\" href=\"https:\/\/www.google.com\/travel\/search?q=Chal\u00fapkovo&#038;g2lb=2502548%2C2503771%2C2503781%2C4258168%2C4270442%2C4284970%2C4291517%2C4306835%2C4308226%2C4429192%2C4515404%2C4597339%2C4754388%2C4757164%2C4778035%2C4814050%2C4850738%2C4864715%2C4874190%2C4886480%2C4893075%2C4920132%2C4924070%2C4965990%2C4985711%2C4990494%2C72248281%2C72256471%2C72271034%2C72271797%2C72272556%2C72276044&#038;hl=en-SK&#038;gl=sk&#038;ssta=1&#038;ts=CAESABpJCikSJzIlMHg0NzE1YTc0MzUwZjQxMjAzOjB4YjIzYTI2ZjFkMjA2MmNhZRIcEhQKBwjnDxAGGAQSBwjnDxAGGAUYATIECAAQAA&#038;qs=CAEyJkNoZ0lydG1Za0ozZWlaMnlBUm9MTDJjdk1YWnpNWEZzZW5FUUFROAJCCwmuLAbS8SY6shgBQgsJriwG0vEmOrIYAQ&#038;ap=ugEIb3ZlcnZpZXc&#038;ictx=1&#038;sa=X\" target=\"_blank\" rel=\"noopener\">\n\t\t\t\t\t\t<span class=\"elementor-screen-only\">Ti-google<\/span>\n\t\t\t\t\t\t<i aria-hidden=\"true\" class=\" ti-google\"><\/i>\t\t\t\t\t<\/a>\n\t\t\t\t<\/span>\n\t\t\t\t\t<\/div>\n\t\t\t\t\t\t<\/div>\n\t\t\t\t<\/div>\n\t\t\t\t<div class=\"elementor-element elementor-element-a6b887d elementor-widget elementor-widget-heading\" data-id=\"a6b887d\" data-element_type=\"widget\" data-e-type=\"widget\" data-widget_type=\"heading.default\">\n\t\t\t\t<div class=\"elementor-widget-container\">\n\t\t\t\t\t<h2 class=\"elementor-heading-title elementor-size-default\"><span data-elementor-setting-key=\"title\" data-pen-placeholder=\"P\u00ed\u0161te tu...\" style=\"border: 0px;font-size: var( --e-global-typography-5d167aa-font-size );vertical-align: baseline;clear: both;line-height: 1.25em;font-family: var( --e-global-typography-5d167aa-font-family ), Sans-serif;text-align: center\"><font style=\"vertical-align: inherit\"><font style=\"vertical-align: inherit\"><font style=\"vertical-align: inherit\"><font style=\"vertical-align: inherit\"><font style=\"vertical-align: inherit\"><font style=\"position: relative;vertical-align: inherit\"><b><font style=\"vertical-align: inherit\"><font style=\"position: relative;vertical-align: inherit\"><font style=\"vertical-align: inherit\"><font style=\"position: relative;vertical-align: inherit\"><font style=\"vertical-align: inherit\"><font style=\"vertical-align: inherit\">CHAL\u00daPKOVO<\/font><\/font><\/font><\/font><\/font><\/font><\/b><\/font><\/font><\/font><\/font><\/font><\/font><b><font style=\"vertical-align: inherit\"><font style=\"vertical-align: inherit\"><font style=\"vertical-align: inherit\"><font style=\"position: relative;vertical-align: inherit\"><font style=\"vertical-align: inherit\"><font style=\"position: relative;vertical-align: inherit\"><font style=\"vertical-align: inherit\"><font style=\"position: relative;vertical-align: inherit\"><font style=\"vertical-align: inherit\"><font style=\"vertical-align: inherit\"> ... rozpr\u00e1vkovo ... raj na Liptove.<\/font><\/font><\/font><\/font><\/font><\/font><\/font><\/font><\/font><\/font><\/b><font style=\"vertical-align: inherit\"><font style=\"vertical-align: inherit\"><\/font><\/font><\/span><font style=\"vertical-align: inherit\"><font style=\"vertical-align: inherit\"><\/font><\/font><\/h2>\t\t\t\t<\/div>\n\t\t\t\t<\/div>\n\t\t\t\t<div class=\"elementor-element elementor-element-5ed6cbb elementor-widget__width-initial elementor-widget elementor-widget-text-editor\" data-id=\"5ed6cbb\" data-element_type=\"widget\" data-e-type=\"widget\" data-widget_type=\"text-editor.default\">\n\t\t\t\t<div class=\"elementor-widget-container\">\n\t\t\t\t\t\t\t\t\t<div>\n<div>\n<p>Welcome to our fairytale area Chal\u00fapkovo***, located in the beautiful region of central Slovakia, in Liptov. Our stylish and cozy cottages, cabins, log cabins, log cabins, cottages or cottages with many traditional elements embedded in the beautiful nature of Liptov offer comfortable Liptov accommodation in a quiet location in the countryside, on the edge of Liptovsk\u00e1 \u0160tiavnica. For your relaxation, vacation, or meeting with friends, choose a cottage, wooden house or cottage according to your wishes from our offer and enjoy undisturbed moments full of peace and relaxation.<\/p>\n<p><span style=\"font-style: inherit; background-color: var( --e-global-color-accent ); color: var( --e-global-color-secondary ); font-family: var( --e-global-typography-b2ce6af-font-family ), Sans-serif; letter-spacing: var( --e-global-typography-b2ce6af-letter-spacing ); word-spacing: var( --e-global-typography-b2ce6af-word-spacing );\">Our Chal\u00fapkovo has been available to you since 2008 offers superior accommodation in Liptov in beautiful wooden houses for different numbers of people, with different layouts of rooms and with the possibility of ordering private wellness, such as a swimming pool, Finnish and steam sauna, whirlpool, massages, as well as a gym. Each cottage has a separate private plot. and own privacy.<\/span><\/p>\n<p>These cottages of ours are suitable for a weekend stay, a family vacation with children, a long weekend, or a relaxing stay for a larger group of people, as well as for training and company stays.<\/p>\n<p><span style=\"font-style: inherit; background-color: var( --e-global-color-accent ); color: var( --e-global-color-secondary ); font-family: var( --e-global-typography-b2ce6af-font-family ), Sans-serif; letter-spacing: var( --e-global-typography-b2ce6af-letter-spacing ); word-spacing: var( --e-global-typography-b2ce6af-word-spacing );\">During your stay with us, we guarantee you maximum privacy &#8211; we will always rent you an entire wooden house with its own land for your stay, so that you can enjoy your moments of relaxation undisturbed. As a matter of course, we have unlimited WIFI internet access, a parking space by the woodshed, wood for the fireplace, or the possibility of watching digital satellite television. Among the advantages of accommodation in Liptov in our Chal\u00fapkovo is the availability of shops &#8211; supermarkets (e.g. Kaufland 5km, Hypernova 7km).<\/span><\/p>\n<p>In our Chal\u00fapkovo, you can drink fresh mineral water that springs from an underground spring, and you can also buy fresh milk that has just been milked, or you can also buy original home-made sausages, cheeses and other dairy products.<\/p>\n<p>Come and enjoy the natural wealth of the Liptov region, the most visited region by tourists, and don&#8217;t miss unique attractions such as Vlkol\u00ednec, the Gino Paradise Be\u0161e\u0148ov\u00e1 thermal pool, Aquapark Tatralandia Liptovsk\u00fd Trnovec, AquaCity Poprad, AquaRelax Doln\u00fd Kub\u00edn and don&#8217;t forget the hiking trails in the Low Tatras National Park &#8211; the surrounding hills of Salat\u00edn, L\u00fa\u010dny hr\u00edb , Cho\u010d, Ostr\u00f4 and Malin\u00f4, or walks in the beautiful Prosiecka and Kva\u010dianska valleys. In the winter months, the ski slopes of Malin\u00f4 Brdo, Jasn\u00e1 &#8211; N\u00edzke Tatry, Liptovsk\u00e9 Rev\u00face and Donovaly await you, especially suitable for snowboarding and ski mountaineering. Our Chal\u00fapkov is very close to all attractions, because here you will find a pleasant rest, quiet and comfortable stylish Liptov accommodation, connected with the identity of the most beautiful feelings&#8230;<\/p>\n<h2 data-elementor-setting-key=\"title\" data-pen-placeholder=\"P\u00ed\u0161te tu...\" style=\"font-style: normal; outline-style: none; outline-width: 0px; color: rgb(35, 37, 32); line-height: 1.25em; letter-spacing: normal; word-spacing: 0px; text-align: center;\"><span data-elementor-setting-key=\"title\" data-pen-placeholder=\"P\u00ed\u0161te tu...\" style=\"border: 0px; font-size: var( --e-global-typography-5d167aa-font-size ); outline-style: none; outline-width: 0px; vertical-align: baseline; clear: both; line-height: 1.25em; font-family: var( --e-global-typography-5d167aa-font-family ), Sans-serif;\"><b><font style=\"vertical-align: inherit;\"><font style=\"vertical-align: inherit;\"><font style=\"vertical-align: inherit;\"><font style=\"background-color: rgb(201, 215, 241); box-shadow: rgb(153, 153, 170) 2px 2px 4px; position: relative; vertical-align: inherit;\"><font style=\"vertical-align: inherit;\"><font style=\"background-color: rgb(201, 215, 241); box-shadow: rgb(153, 153, 170) 2px 2px 4px; position: relative; vertical-align: inherit;\"><font style=\"vertical-align: inherit;\"><font style=\"background-color: rgb(201, 215, 241); box-shadow: rgb(153, 153, 170) 2px 2px 4px; position: relative; vertical-align: inherit;\">We are looking forward to your visit in CHAL\u00daPKOVE, Liptov.<\/font><\/font><\/font><\/font><\/font><\/font><\/font><\/font><\/b><\/span><\/h2>\n<\/div>\n<\/div>\n<div>\n<\/div>\t\t\t\t\t\t\t\t<\/div>\n\t\t\t\t<\/div>\n\t\t\t\t\t<\/div>\n\t\t<\/div>\n\t\t\t\t\t<\/div>\n\t\t<\/section>\n\t\t\t\t<section class=\"elementor-section elementor-top-section elementor-element elementor-element-b6eb9cf elementor-section-boxed elementor-section-height-default elementor-section-height-default\" data-id=\"b6eb9cf\" data-element_type=\"section\" data-e-type=\"section\">\n\t\t\t\t\t\t<div class=\"elementor-container elementor-column-gap-default\">\n\t\t\t\t\t<div class=\"elementor-column elementor-col-100 elementor-top-column elementor-element elementor-element-1f7ef62\" data-id=\"1f7ef62\" data-element_type=\"column\" data-e-type=\"column\">\n\t\t\t<div class=\"elementor-widget-wrap\">\n\t\t\t\t\t\t\t<\/div>\n\t\t<\/div>\n\t\t\t\t\t<\/div>\n\t\t<\/section>\n\t\t\t\t<\/div>\n\t\t","protected":false},"excerpt":{"rendered":"<p>Facebook Instagram Twitter Youtube Ti-google CHAL\u00daPKOVO &#8230; rozpr\u00e1vkovo &#8230; raj na Liptove. Welcome to our fairytale area Chal\u00fapkovo***, located in the beautiful region of central Slovakia, in Liptov. Our stylish and cozy cottages, cabins, log cabins, log cabins, cottages or cottages with many traditional elements embedded in the beautiful nature of Liptov offer comfortable Liptov [&hellip;]<\/p>\n","protected":false},"author":1,"featured_media":0,"parent":0,"menu_order":45,"comment_status":"closed","ping_status":"closed","template":"elementor_header_footer","meta":{"site-sidebar-layout":"default","site-content-layout":"","ast-site-content-layout":"default","site-content-style":"default","site-sidebar-style":"default","ast-global-header-display":"","ast-banner-title-visibility":"","ast-main-header-display":"","ast-hfb-above-header-display":"","ast-hfb-below-header-display":"","ast-hfb-mobile-header-display":"","site-post-title":"","ast-breadcrumbs-content":"","ast-featured-img":"","footer-sml-layout":"","ast-disable-related-posts":"","theme-transparent-header-meta":"default","adv-header-id-meta":"","stick-header-meta":"","header-above-stick-meta":"","header-main-stick-meta":"","header-below-stick-meta":"","astra-migrate-meta-layouts":"set","ast-page-background-enabled":"default","ast-page-background-meta":{"desktop":{"background-color":"var(--ast-global-color-4)","background-image":"","background-repeat":"repeat","background-position":"center center","background-size":"auto","background-attachment":"scroll","background-type":"","background-media":"","overlay-type":"","overlay-color":"","overlay-opacity":"","overlay-gradient":""},"tablet":{"background-color":"","background-image":"","background-repeat":"repeat","background-position":"center center","background-size":"auto","background-attachment":"scroll","background-type":"","background-media":"","overlay-type":"","overlay-color":"","overlay-opacity":"","overlay-gradient":""},"mobile":{"background-color":"","background-image":"","background-repeat":"repeat","background-position":"center center","background-size":"auto","background-attachment":"scroll","background-type":"","background-media":"","overlay-type":"","overlay-color":"","overlay-opacity":"","overlay-gradient":""}},"ast-content-background-meta":{"desktop":{"background-color":"var(--ast-global-color-5)","background-image":"","background-repeat":"repeat","background-position":"center center","background-size":"auto","background-attachment":"scroll","background-type":"","background-media":"","overlay-type":"","overlay-color":"","overlay-opacity":"","overlay-gradient":""},"tablet":{"background-color":"var(--ast-global-color-5)","background-image":"","background-repeat":"repeat","background-position":"center center","background-size":"auto","background-attachment":"scroll","background-type":"","background-media":"","overlay-type":"","overlay-color":"","overlay-opacity":"","overlay-gradient":""},"mobile":{"background-color":"var(--ast-global-color-5)","background-image":"","background-repeat":"repeat","background-position":"center center","background-size":"auto","background-attachment":"scroll","background-type":"","background-media":"","overlay-type":"","overlay-color":"","overlay-opacity":"","overlay-gradient":""}},"footnotes":""},"class_list":["post-1996","page","type-page","status-publish","hentry"],"_links":{"self":[{"href":"https:\/\/www.chalupkovo.sk\/en\/wp-json\/wp\/v2\/pages\/1996","targetHints":{"allow":["GET"]}}],"collection":[{"href":"https:\/\/www.chalupkovo.sk\/en\/wp-json\/wp\/v2\/pages"}],"about":[{"href":"https:\/\/www.chalupkovo.sk\/en\/wp-json\/wp\/v2\/types\/page"}],"author":[{"embeddable":true,"href":"https:\/\/www.chalupkovo.sk\/en\/wp-json\/wp\/v2\/users\/1"}],"replies":[{"embeddable":true,"href":"https:\/\/www.chalupkovo.sk\/en\/wp-json\/wp\/v2\/comments?post=1996"}],"version-history":[{"count":43,"href":"https:\/\/www.chalupkovo.sk\/en\/wp-json\/wp\/v2\/pages\/1996\/revisions"}],"predecessor-version":[{"id":10770,"href":"https:\/\/www.chalupkovo.sk\/en\/wp-json\/wp\/v2\/pages\/1996\/revisions\/10770"}],"wp:attachment":[{"href":"https:\/\/www.chalupkovo.sk\/en\/wp-json\/wp\/v2\/media?parent=1996"}],"curies":[{"name":"wp","href":"https:\/\/api.w.org\/{rel}","templated":true}]}}